{"id":45,"date":"2020-09-28T13:16:31","date_gmt":"2020-09-28T11:16:31","guid":{"rendered":"https:\/\/www.agirenet.it\/it\/?page_id=45"},"modified":"2025-11-02T20:54:51","modified_gmt":"2025-11-02T19:54:51","slug":"chi-siamo","status":"publish","type":"page","link":"https:\/\/www.agirenet.it\/it\/chi-siamo\/","title":{"rendered":"Chi Siamo"},"content":{"rendered":"\t\t<div data-elementor-type=\"wp-page\" data-elementor-id=\"45\" class=\"elementor elementor-45\">\n\t\t\t\t\t\t<section class=\"elementor-section elementor-top-section elementor-element elementor-element-b079331 elementor-section-boxed elementor-section-height-default elementor-section-height-default\" data-id=\"b079331\" data-element_type=\"section\">\n\t\t\t\t\t\t<div class=\"elementor-container elementor-column-gap-default\">\n\t\t\t\t\t<div class=\"elementor-column elementor-col-100 elementor-top-column elementor-element elementor-element-bc019f4\" data-id=\"bc019f4\" data-element_type=\"column\">\n\t\t\t<div class=\"elementor-widget-wrap elementor-element-populated\">\n\t\t\t\t\t\t<div class=\"elementor-element elementor-element-5976d42 elementor-widget elementor-widget-spacer\" data-id=\"5976d42\" data-element_type=\"widget\" data-widget_type=\"spacer.default\">\n\t\t\t\t<div class=\"elementor-widget-container\">\n\t\t\t\t\t<div class=\"elementor-spacer\">\n\t\t\t<div class=\"elementor-spacer-inner\"><\/div>\n\t\t<\/div>\n\t\t\t\t<\/div>\n\t\t\t\t<\/div>\n\t\t\t\t\t<\/div>\n\t\t<\/div>\n\t\t\t\t\t<\/div>\n\t\t<\/section>\n\t\t\t\t<section class=\"elementor-section elementor-top-section elementor-element elementor-element-b546b90 elementor-section-boxed elementor-section-height-default elementor-section-height-default\" data-id=\"b546b90\" data-element_type=\"section\">\n\t\t\t\t\t\t<div class=\"elementor-container elementor-column-gap-default\">\n\t\t\t\t\t<div class=\"elementor-column elementor-col-100 elementor-top-column elementor-element elementor-element-74e4f73\" data-id=\"74e4f73\" data-element_type=\"column\">\n\t\t\t<div class=\"elementor-widget-wrap elementor-element-populated\">\n\t\t\t\t\t\t<div class=\"elementor-element elementor-element-45ef401 elementor-widget elementor-widget-text-editor\" data-id=\"45ef401\" data-element_type=\"widget\" data-widget_type=\"text-editor.default\">\n\t\t\t\t<div class=\"elementor-widget-container\">\n\t\t\t\t\t\t\t<p><strong>A.G.I.R.E.<\/strong>, costituita il 7 giugno 2006 dalla Commissione Europea e co-finanziata insieme agli stakeholders del territorio, \u00e8 una\u00a0<strong>Societ\u00e0 consortile<\/strong>\u00a0a responsabilit\u00e0 limitata la cui denominazione completa \u00e8 Agenzia per la Gestione Intelligente delle Risorse Energetiche.<\/p>\n<p><strong>A.G.I.R.E.<\/strong>\u00a0si propone di sviluppare una modalit\u00e0 innovativa per contribuire a promuovere l\u2019utilizzo di fonti rinnovabili e il risparmio energetico con particolare attenzione nei confronti di Enti Locali, Piccole e Medie Imprese, Aziende Agricole, Utenze Familiari, e rappresenta una sfida verso la riduzione delle emissioni di gas clima-alteranti, la promozione del trasporto collettivo, la sensibilizzazione dell\u2019opinione pubblica nei confronti dello sviluppo economico sostenibile.<\/p>\t\t\t\t\t\t<\/div>\n\t\t\t\t<\/div>\n\t\t\t\t\t<\/div>\n\t\t<\/div>\n\t\t\t\t\t<\/div>\n\t\t<\/section>\n\t\t\t\t<section class=\"elementor-section elementor-top-section elementor-element elementor-element-2f1df2d9 elementor-section-boxed elementor-section-height-default elementor-section-height-default\" data-id=\"2f1df2d9\" data-element_type=\"section\" id=\"xs_team_1\">\n\t\t\t\t\t\t<div class=\"elementor-container elementor-column-gap-default\">\n\t\t\t\t\t<div class=\"elementor-column elementor-col-100 elementor-top-column elementor-element elementor-element-54f9f7c9\" data-id=\"54f9f7c9\" data-element_type=\"column\">\n\t\t\t<div class=\"elementor-widget-wrap elementor-element-populated\">\n\t\t\t\t\t\t<div class=\"elementor-element elementor-element-702741af elementor-widget elementor-widget-elementskit-heading\" data-id=\"702741af\" data-element_type=\"widget\" data-widget_type=\"elementskit-heading.default\">\n\t\t\t\t<div class=\"elementor-widget-container\">\n\t\t\t<div class=\"ekit-wid-con\" ><div class=\"ekit-heading elementskit-section-title-wraper text_center   ekit_heading_tablet-   ekit_heading_mobile-\"><h2 class=\"ekit-heading--title elementskit-section-title \">A.G.I.R.E. Srl<\/h2><div class=\"ekit_heading_separetor_wraper ekit_heading_elementskit-border-divider\"><div class=\"elementskit-border-divider\"><\/div><\/div><\/div><\/div>\t\t<\/div>\n\t\t\t\t<\/div>\n\t\t\t\t<section class=\"elementor-section elementor-inner-section elementor-element elementor-element-7c6ebe5a elementor-section-boxed elementor-section-height-default elementor-section-height-default\" data-id=\"7c6ebe5a\" data-element_type=\"section\">\n\t\t\t\t\t\t<div class=\"elementor-container elementor-column-gap-extended\">\n\t\t\t\t\t<div class=\"elementor-column elementor-col-50 elementor-inner-column elementor-element elementor-element-3a6accfb\" data-id=\"3a6accfb\" data-element_type=\"column\">\n\t\t\t<div class=\"elementor-widget-wrap elementor-element-populated\">\n\t\t\t\t\t\t<div class=\"elementor-element elementor-element-56a6da68 elementor-widget elementor-widget-elementskit-team\" data-id=\"56a6da68\" data-element_type=\"widget\" data-widget_type=\"elementskit-team.default\">\n\t\t\t\t<div class=\"elementor-widget-container\">\n\t\t\t<div class=\"ekit-wid-con\">\t\t\t\t\t\t\t\t\n\t\t<div class=\"profile-card elementor-animation- text-center ekit-team-style-default\">\n\t\t\t\t\t\t\n\t\t\t\t<div class=\"profile-header ekit-team-img ekit-img-overlay ekit-team-img-block\" >\n\t\t\t\t\t<img fetchpriority=\"high\" decoding=\"async\" width=\"512\" height=\"512\" src=\"https:\/\/www.agirenet.it\/it\/wp-content\/uploads\/2025\/05\/man2.png\" class=\"attachment-large size-large wp-image-4643\" alt=\"\" srcset=\"https:\/\/www.agirenet.it\/it\/wp-content\/uploads\/2025\/05\/man2.png 512w, https:\/\/www.agirenet.it\/it\/wp-content\/uploads\/2025\/05\/man2-300x300.png 300w, https:\/\/www.agirenet.it\/it\/wp-content\/uploads\/2025\/05\/man2-150x150.png 150w, https:\/\/www.agirenet.it\/it\/wp-content\/uploads\/2025\/05\/man2-80x80.png 80w\" sizes=\"(max-width: 512px) 100vw, 512px\" \/>\t\t\t\t<\/div><!-- .profile-header END -->\n\t\t\t\t\t\t\n\n\t\t\t\t<div class=\"profile-body\">\n\t\t\t\t\t\n\t\t\t\t\t<h2 class=\"profile-title\">\n\t\t\t\t\t\t\t\t\t\t\tArch. Nicola Sodano\t\t\t\t\t\t\t\t\t\t<\/h2>\n\t\t\t\t\t<p class=\"profile-designation\">Amministratore Unico<\/p>\n\t\t\t\t\t\t\t\t\t<\/div><!-- .profile-body END -->\n\n\t\t\t\t\t\t\t\t<\/div>\n\t\t\t\t\t\t\t\n\t\t\t\n\t\t\t\t<\/div>\t\t<\/div>\n\t\t\t\t<\/div>\n\t\t\t\t\t<\/div>\n\t\t<\/div>\n\t\t\t\t<div class=\"elementor-column elementor-col-50 elementor-inner-column elementor-element elementor-element-463e403\" data-id=\"463e403\" data-element_type=\"column\">\n\t\t\t<div class=\"elementor-widget-wrap elementor-element-populated\">\n\t\t\t\t\t\t<div class=\"elementor-element elementor-element-6873f7b elementor-widget elementor-widget-elementskit-team\" data-id=\"6873f7b\" data-element_type=\"widget\" data-widget_type=\"elementskit-team.default\">\n\t\t\t\t<div class=\"elementor-widget-container\">\n\t\t\t<div class=\"ekit-wid-con\">\t\t\t\t\t\t\t\t\n\t\t<div class=\"profile-card elementor-animation- text-center ekit-team-style-default\">\n\t\t\t\t\t\t\n\t\t\t\t<div class=\"profile-header ekit-team-img ekit-img-overlay ekit-team-img-block\" >\n\t\t\t\t\t<img decoding=\"async\" width=\"512\" height=\"512\" src=\"https:\/\/www.agirenet.it\/it\/wp-content\/uploads\/2025\/05\/man1.png\" class=\"attachment-large size-large wp-image-4644\" alt=\"\" srcset=\"https:\/\/www.agirenet.it\/it\/wp-content\/uploads\/2025\/05\/man1.png 512w, https:\/\/www.agirenet.it\/it\/wp-content\/uploads\/2025\/05\/man1-300x300.png 300w, https:\/\/www.agirenet.it\/it\/wp-content\/uploads\/2025\/05\/man1-150x150.png 150w, https:\/\/www.agirenet.it\/it\/wp-content\/uploads\/2025\/05\/man1-80x80.png 80w\" sizes=\"(max-width: 512px) 100vw, 512px\" \/>\t\t\t\t<\/div><!-- .profile-header END -->\n\t\t\t\t\t\t\n\n\t\t\t\t<div class=\"profile-body\">\n\t\t\t\t\t\n\t\t\t\t\t<h2 class=\"profile-title\">\n\t\t\t\t\t\t\t\t\t\t\tIng. Nicola Galli\t\t\t\t\t\t\t\t\t\t<\/h2>\n\t\t\t\t\t<p class=\"profile-designation\">Direttore<\/p>\n\t\t\t\t\t\t\t\t\t<\/div><!-- .profile-body END -->\n\n\t\t\t\t\t\t\t\t<\/div>\n\t\t\t\t\t\t\t\n\t\t\t\n\t\t\t\t<\/div>\t\t<\/div>\n\t\t\t\t<\/div>\n\t\t\t\t\t<\/div>\n\t\t<\/div>\n\t\t\t\t\t<\/div>\n\t\t<\/section>\n\t\t\t\t\t<\/div>\n\t\t<\/div>\n\t\t\t\t\t<\/div>\n\t\t<\/section>\n\t\t\t\t<section class=\"elementor-section elementor-top-section elementor-element elementor-element-1820cd3 elementor-section-boxed elementor-section-height-default elementor-section-height-default\" data-id=\"1820cd3\" data-element_type=\"section\">\n\t\t\t\t\t\t<div class=\"elementor-container elementor-column-gap-default\">\n\t\t\t\t\t<div class=\"elementor-column elementor-col-100 elementor-top-column elementor-element elementor-element-8666e2b\" data-id=\"8666e2b\" data-element_type=\"column\">\n\t\t\t<div class=\"elementor-widget-wrap elementor-element-populated\">\n\t\t\t\t\t\t<div class=\"elementor-element elementor-element-728a39d elementor-widget elementor-widget-elementskit-heading\" data-id=\"728a39d\" data-element_type=\"widget\" data-widget_type=\"elementskit-heading.default\">\n\t\t\t\t<div class=\"elementor-widget-container\">\n\t\t\t<div class=\"ekit-wid-con\" ><div class=\"ekit-heading elementskit-section-title-wraper text_center   ekit_heading_tablet-   ekit_heading_mobile-\"><h2 class=\"ekit-heading--title elementskit-section-title \">Staff A.G.I.R.E. Srl<\/h2><div class=\"ekit_heading_separetor_wraper ekit_heading_elementskit-border-divider\"><div class=\"elementskit-border-divider\"><\/div><\/div><\/div><\/div>\t\t<\/div>\n\t\t\t\t<\/div>\n\t\t\t\t<section class=\"elementor-section elementor-inner-section elementor-element elementor-element-294cadb elementor-section-boxed elementor-section-height-default elementor-section-height-default\" data-id=\"294cadb\" data-element_type=\"section\">\n\t\t\t\t\t\t<div class=\"elementor-container elementor-column-gap-extended\">\n\t\t\t\t\t<div class=\"elementor-column elementor-col-100 elementor-inner-column elementor-element elementor-element-cb65db2\" data-id=\"cb65db2\" data-element_type=\"column\">\n\t\t\t<div class=\"elementor-widget-wrap\">\n\t\t\t\t\t\t\t<\/div>\n\t\t<\/div>\n\t\t\t\t\t<\/div>\n\t\t<\/section>\n\t\t\t\t<section class=\"elementor-section elementor-inner-section elementor-element elementor-element-b688fc0 elementor-section-boxed elementor-section-height-default elementor-section-height-default\" data-id=\"b688fc0\" data-element_type=\"section\">\n\t\t\t\t\t\t<div class=\"elementor-container elementor-column-gap-extended\">\n\t\t\t\t\t<div class=\"elementor-column elementor-col-33 elementor-inner-column elementor-element elementor-element-b26ace7\" data-id=\"b26ace7\" data-element_type=\"column\">\n\t\t\t<div class=\"elementor-widget-wrap elementor-element-populated\">\n\t\t\t\t\t\t<div class=\"elementor-element elementor-element-9b93993 eael-team-align-centered elementor-widget elementor-widget-eael-team-member\" data-id=\"9b93993\" data-element_type=\"widget\" data-widget_type=\"eael-team-member.default\">\n\t\t\t\t<div class=\"elementor-widget-container\">\n\t\t\t\n\n\t<div id=\"eael-team-member-9b93993\" class=\"eael-team-item eael-team-members-circle \">\n\t\t<div class=\"eael-team-item-inner\">\n\t\t\t<div class=\"eael-team-image\">\n\t\t\t\t<figure>\n\t\t\t\t\t\t\t\t\t\t<img decoding=\"async\" src=\"https:\/\/www.agirenet.it\/it\/wp-content\/uploads\/2025\/05\/man3-150x150.png\" alt=\"Massimiliano Musci\">\n\t\t\t\t<\/figure>\n\t\t\t\t\n\t\t\t\t\n\t\t\t<\/div>\n\n\t\t\t<div class=\"eael-team-content\">\n\t\t\t\t<h2 class=\"eael-team-member-name\">Massimiliano Musci<\/h2>\n\t\t\t\t<h3 class=\"eael-team-member-position\">Dottore<\/h3>\n\n\t\t\t\t\t\t\t\t\t\t\t\t\t\t<p class=\"eael-team-text\">Progetti Europei<\/p>\n\t\t\t\t\t\t\t<\/div>\n\t\t<\/div>\n\t<\/div>\n\t\t\t<\/div>\n\t\t\t\t<\/div>\n\t\t\t\t\t<\/div>\n\t\t<\/div>\n\t\t\t\t<div class=\"elementor-column elementor-col-33 elementor-inner-column elementor-element elementor-element-e73f9a2\" data-id=\"e73f9a2\" data-element_type=\"column\">\n\t\t\t<div class=\"elementor-widget-wrap elementor-element-populated\">\n\t\t\t\t\t\t<div class=\"elementor-element elementor-element-1fa5959 eael-team-align-centered elementor-widget elementor-widget-eael-team-member\" data-id=\"1fa5959\" data-element_type=\"widget\" data-widget_type=\"eael-team-member.default\">\n\t\t\t\t<div class=\"elementor-widget-container\">\n\t\t\t\n\n\t<div id=\"eael-team-member-1fa5959\" class=\"eael-team-item eael-team-members-circle \">\n\t\t<div class=\"eael-team-item-inner\">\n\t\t\t<div class=\"eael-team-image\">\n\t\t\t\t<figure>\n\t\t\t\t\t\t\t\t\t\t<img decoding=\"async\" src=\"https:\/\/www.agirenet.it\/it\/wp-content\/uploads\/2025\/05\/man3-150x150.png\" alt=\"DAVIDE GIANNOTTO\">\n\t\t\t\t<\/figure>\n\t\t\t\t\n\t\t\t\t\n\t\t\t<\/div>\n\n\t\t\t<div class=\"eael-team-content\">\n\t\t\t\t<h2 class=\"eael-team-member-name\">DAVIDE GIANNOTTO<\/h2>\n\t\t\t\t<h3 class=\"eael-team-member-position\">Ingegnere<\/h3>\n\n\t\t\t\t\t\t\t\t\t\t\t\t\t\t<p class=\"eael-team-text\">Progetti Europei - Energy Manager<\/p>\n\t\t\t\t\t\t\t<\/div>\n\t\t<\/div>\n\t<\/div>\n\t\t\t<\/div>\n\t\t\t\t<\/div>\n\t\t\t\t\t<\/div>\n\t\t<\/div>\n\t\t\t\t<div class=\"elementor-column elementor-col-33 elementor-inner-column elementor-element elementor-element-b140063\" data-id=\"b140063\" data-element_type=\"column\">\n\t\t\t<div class=\"elementor-widget-wrap elementor-element-populated\">\n\t\t\t\t\t\t<div class=\"elementor-element elementor-element-4c6e5c8 eael-team-align-centered elementor-widget elementor-widget-eael-team-member\" data-id=\"4c6e5c8\" data-element_type=\"widget\" data-widget_type=\"eael-team-member.default\">\n\t\t\t\t<div class=\"elementor-widget-container\">\n\t\t\t\n\n\t<div id=\"eael-team-member-4c6e5c8\" class=\"eael-team-item eael-team-members-circle \">\n\t\t<div class=\"eael-team-item-inner\">\n\t\t\t<div class=\"eael-team-image\">\n\t\t\t\t<figure>\n\t\t\t\t\t\t\t\t\t\t<img decoding=\"async\" src=\"https:\/\/www.agirenet.it\/it\/wp-content\/uploads\/2025\/05\/woman-150x150.png\" alt=\"Giulia Saccani\">\n\t\t\t\t<\/figure>\n\t\t\t\t\n\t\t\t\t\n\t\t\t<\/div>\n\n\t\t\t<div class=\"eael-team-content\">\n\t\t\t\t<h2 class=\"eael-team-member-name\">Giulia Saccani<\/h2>\n\t\t\t\t<h3 class=\"eael-team-member-position\">Ingegnere PhD<\/h3>\n\n\t\t\t\t\t\t\t\t\t\t\t\t\t\t<p class=\"eael-team-text\">Supporto Tecnico - Valutazione pratiche ambientali<\/p>\n\t\t\t\t\t\t\t<\/div>\n\t\t<\/div>\n\t<\/div>\n\t\t\t<\/div>\n\t\t\t\t<\/div>\n\t\t\t\t\t<\/div>\n\t\t<\/div>\n\t\t\t\t\t<\/div>\n\t\t<\/section>\n\t\t\t\t<section class=\"elementor-section elementor-inner-section elementor-element elementor-element-1f9798c elementor-section-boxed elementor-section-height-default elementor-section-height-default\" data-id=\"1f9798c\" data-element_type=\"section\">\n\t\t\t\t\t\t<div class=\"elementor-container elementor-column-gap-extended\">\n\t\t\t\t\t<div class=\"elementor-column elementor-col-33 elementor-inner-column elementor-element elementor-element-cfb6a48\" data-id=\"cfb6a48\" data-element_type=\"column\">\n\t\t\t<div class=\"elementor-widget-wrap elementor-element-populated\">\n\t\t\t\t\t\t<div class=\"elementor-element elementor-element-ceeb123 eael-team-align-centered elementor-widget elementor-widget-eael-team-member\" data-id=\"ceeb123\" data-element_type=\"widget\" data-widget_type=\"eael-team-member.default\">\n\t\t\t\t<div class=\"elementor-widget-container\">\n\t\t\t\n\n\t<div id=\"eael-team-member-ceeb123\" class=\"eael-team-item eael-team-members-circle \">\n\t\t<div class=\"eael-team-item-inner\">\n\t\t\t<div class=\"eael-team-image\">\n\t\t\t\t<figure>\n\t\t\t\t\t\t\t\t\t\t<img decoding=\"async\" src=\"https:\/\/www.agirenet.it\/it\/wp-content\/uploads\/2025\/05\/man3-150x150.png\" alt=\"Francesco Ferrante\">\n\t\t\t\t<\/figure>\n\t\t\t\t\n\t\t\t\t\n\t\t\t<\/div>\n\n\t\t\t<div class=\"eael-team-content\">\n\t\t\t\t<h2 class=\"eael-team-member-name\">Francesco Ferrante<\/h2>\n\t\t\t\t<h3 class=\"eael-team-member-position\">Dottore<\/h3>\n\n\t\t\t\t\t\t\t\t\t\t\t\t\t\t<p class=\"eael-team-text\">Supporto Tecnico - Servizio VIT<\/p>\n\t\t\t\t\t\t\t<\/div>\n\t\t<\/div>\n\t<\/div>\n\t\t\t<\/div>\n\t\t\t\t<\/div>\n\t\t\t\t\t<\/div>\n\t\t<\/div>\n\t\t\t\t<div class=\"elementor-column elementor-col-33 elementor-inner-column elementor-element elementor-element-88111b1\" data-id=\"88111b1\" data-element_type=\"column\">\n\t\t\t<div class=\"elementor-widget-wrap elementor-element-populated\">\n\t\t\t\t\t\t<div class=\"elementor-element elementor-element-9885831 eael-team-align-centered elementor-widget elementor-widget-eael-team-member\" data-id=\"9885831\" data-element_type=\"widget\" data-widget_type=\"eael-team-member.default\">\n\t\t\t\t<div class=\"elementor-widget-container\">\n\t\t\t\n\n\t<div id=\"eael-team-member-9885831\" class=\"eael-team-item eael-team-members-circle \">\n\t\t<div class=\"eael-team-item-inner\">\n\t\t\t<div class=\"eael-team-image\">\n\t\t\t\t<figure>\n\t\t\t\t\t\t\t\t\t\t<img decoding=\"async\" src=\"https:\/\/www.agirenet.it\/it\/wp-content\/uploads\/2025\/05\/woman-150x150.png\" alt=\"Desir\u00e9 Benatti\">\n\t\t\t\t<\/figure>\n\t\t\t\t\n\t\t\t\t\n\t\t\t<\/div>\n\n\t\t\t<div class=\"eael-team-content\">\n\t\t\t\t<h2 class=\"eael-team-member-name\">Desir\u00e9 Benatti<\/h2>\n\t\t\t\t<h3 class=\"eael-team-member-position\">Signora<\/h3>\n\n\t\t\t\t\t\t\t\t\t\t\t\t\t\t<p class=\"eael-team-text\">Supporto Tecnico - Servizio VIT<\/p>\n\t\t\t\t\t\t\t<\/div>\n\t\t<\/div>\n\t<\/div>\n\t\t\t<\/div>\n\t\t\t\t<\/div>\n\t\t\t\t\t<\/div>\n\t\t<\/div>\n\t\t\t\t<div class=\"elementor-column elementor-col-33 elementor-inner-column elementor-element elementor-element-6d88613\" data-id=\"6d88613\" data-element_type=\"column\">\n\t\t\t<div class=\"elementor-widget-wrap elementor-element-populated\">\n\t\t\t\t\t\t<div class=\"elementor-element elementor-element-7ca47e7 eael-team-align-centered elementor-widget elementor-widget-eael-team-member\" data-id=\"7ca47e7\" data-element_type=\"widget\" data-widget_type=\"eael-team-member.default\">\n\t\t\t\t<div class=\"elementor-widget-container\">\n\t\t\t\n\n\t<div id=\"eael-team-member-7ca47e7\" class=\"eael-team-item eael-team-members-circle \">\n\t\t<div class=\"eael-team-item-inner\">\n\t\t\t<div class=\"eael-team-image\">\n\t\t\t\t<figure>\n\t\t\t\t\t\t\t\t\t\t<img decoding=\"async\" src=\"https:\/\/www.agirenet.it\/it\/wp-content\/uploads\/2025\/05\/man3-150x150.png\" alt=\"Marco Ampolini\">\n\t\t\t\t<\/figure>\n\t\t\t\t\n\t\t\t\t\n\t\t\t<\/div>\n\n\t\t\t<div class=\"eael-team-content\">\n\t\t\t\t<h2 class=\"eael-team-member-name\">Marco Ampolini<\/h2>\n\t\t\t\t<h3 class=\"eael-team-member-position\">Perito Industriale<\/h3>\n\n\t\t\t\t\t\t\t\t\t\t\t\t\t\t<p class=\"eael-team-text\">Ispettore Impianti Termici<\/p>\n\t\t\t\t\t\t\t<\/div>\n\t\t<\/div>\n\t<\/div>\n\t\t\t<\/div>\n\t\t\t\t<\/div>\n\t\t\t\t\t<\/div>\n\t\t<\/div>\n\t\t\t\t\t<\/div>\n\t\t<\/section>\n\t\t\t\t\t<\/div>\n\t\t<\/div>\n\t\t\t\t\t<\/div>\n\t\t<\/section>\n\t\t\t\t<section class=\"elementor-section elementor-top-section elementor-element elementor-element-40a2ec0 elementor-section-boxed elementor-section-height-default elementor-section-height-default\" data-id=\"40a2ec0\" data-element_type=\"section\">\n\t\t\t\t\t\t<div class=\"elementor-container elementor-column-gap-default\">\n\t\t\t\t\t<div class=\"elementor-column elementor-col-100 elementor-top-column elementor-element elementor-element-75ddf9c\" data-id=\"75ddf9c\" data-element_type=\"column\">\n\t\t\t<div class=\"elementor-widget-wrap elementor-element-populated\">\n\t\t\t\t\t\t<div class=\"elementor-element elementor-element-38c9d52 elementor-widget-divider--view-line_icon elementor-view-default elementor-widget-divider--element-align-center elementor-widget elementor-widget-divider\" data-id=\"38c9d52\" data-element_type=\"widget\" data-widget_type=\"divider.default\">\n\t\t\t\t<div class=\"elementor-widget-container\">\n\t\t\t\t\t<div class=\"elementor-divider\">\n\t\t\t<span class=\"elementor-divider-separator\">\n\t\t\t\t\t\t\t<div class=\"elementor-icon elementor-divider__element\">\n\t\t\t\t\t<i aria-hidden=\"true\" class=\"icon icon-service\"><\/i><\/div>\n\t\t\t\t\t\t<\/span>\n\t\t<\/div>\n\t\t\t\t<\/div>\n\t\t\t\t<\/div>\n\t\t\t\t\t<\/div>\n\t\t<\/div>\n\t\t\t\t\t<\/div>\n\t\t<\/section>\n\t\t\t\t<section class=\"elementor-section elementor-top-section elementor-element elementor-element-33afb89 elementor-section-boxed elementor-section-height-default elementor-section-height-default\" data-id=\"33afb89\" data-element_type=\"section\" data-settings=\"{&quot;background_background&quot;:&quot;classic&quot;}\">\n\t\t\t\t\t\t<div class=\"elementor-container elementor-column-gap-default\">\n\t\t\t\t\t<div class=\"elementor-column elementor-col-50 elementor-top-column elementor-element elementor-element-d9ee753\" data-id=\"d9ee753\" data-element_type=\"column\">\n\t\t\t<div class=\"elementor-widget-wrap elementor-element-populated\">\n\t\t\t\t\t\t<div class=\"elementor-element elementor-element-89d1f99 elementor-widget elementor-widget-elementskit-heading\" data-id=\"89d1f99\" data-element_type=\"widget\" data-widget_type=\"elementskit-heading.default\">\n\t\t\t\t<div class=\"elementor-widget-container\">\n\t\t\t<div class=\"ekit-wid-con\" ><div class=\"ekit-heading elementskit-section-title-wraper text_left   ekit_heading_tablet-   ekit_heading_mobile-\"><p class=\"elementskit-section-subtitle  \">\n\t\t\t\t\t\tHai ricevuto una lettera\u00a0di\u00a0accertamento\u00a0o la\u00a0visita di un ispettore?\n\t\t\t\t\t<\/p><a href=\"https:\/\/serviziovit.agirenet.it\/\" target=\"_blank\" rel=\"nofollow\"><h3 class=\"ekit-heading--title elementskit-section-title \">Verifica il tuo Impianto Termico<\/h3><\/a>\t\t\t\t<div class='ekit-heading__description'>\n\t\t\t\t\t<p><b>Trasmetti i documenti richiesti <\/b>o <b>verifica <\/b>lo <b>\u201cStato della tua Pratica\u201d<\/b>\u00a0per documenti gi\u00e0 trasmessi.<\/p>\n\t\t\t\t<\/div>\n\t\t\t<\/div><\/div>\t\t<\/div>\n\t\t\t\t<\/div>\n\t\t\t\t\t<\/div>\n\t\t<\/div>\n\t\t\t\t<div class=\"elementor-column elementor-col-50 elementor-top-column elementor-element elementor-element-c38a95a\" data-id=\"c38a95a\" data-element_type=\"column\">\n\t\t\t<div class=\"elementor-widget-wrap elementor-element-populated\">\n\t\t\t\t\t\t<div class=\"elementor-element elementor-element-e09d417 elementor-absolute elementor-widget elementor-widget-image\" data-id=\"e09d417\" data-element_type=\"widget\" data-settings=\"{&quot;_position&quot;:&quot;absolute&quot;}\" data-widget_type=\"image.default\">\n\t\t\t\t<div class=\"elementor-widget-container\">\n\t\t\t\t\t\t\t\t\t\t\t\t\t<img decoding=\"async\" width=\"1286\" height=\"900\" src=\"https:\/\/www.agirenet.it\/it\/wp-content\/uploads\/2023\/10\/shape_lottie_animation_02.png\" class=\"attachment-full size-full wp-image-4317\" alt=\"\" srcset=\"https:\/\/www.agirenet.it\/it\/wp-content\/uploads\/2023\/10\/shape_lottie_animation_02.png 1286w, https:\/\/www.agirenet.it\/it\/wp-content\/uploads\/2023\/10\/shape_lottie_animation_02-300x210.png 300w, https:\/\/www.agirenet.it\/it\/wp-content\/uploads\/2023\/10\/shape_lottie_animation_02-1024x717.png 1024w, https:\/\/www.agirenet.it\/it\/wp-content\/uploads\/2023\/10\/shape_lottie_animation_02-768x537.png 768w\" sizes=\"(max-width: 1286px) 100vw, 1286px\" \/>\t\t\t\t\t\t\t\t\t\t\t\t\t<\/div>\n\t\t\t\t<\/div>\n\t\t\t\t<div class=\"elementor-element elementor-element-44e828c elementor-widget__width-initial elementor-widget elementor-widget-elementskit-lottie\" data-id=\"44e828c\" data-element_type=\"widget\" data-widget_type=\"elementskit-lottie.default\">\n\t\t\t\t<div class=\"elementor-widget-container\">\n\t\t\t<div class=\"ekit-wid-con\" ><div id=\"ekit_lottie_44e828c\" class=\"ekit_lottie\" data-autoplay=\"true\" data-on-scroll=\"\" data-speed=\"1\" data-direction=\"\" data-action=\"\" data-renderer=\"svg\" data-path=\"https:\/\/www.agirenet.it\/it\/wp-content\/uploads\/2023\/10\/animation_lo1o0bb5.json\" data-loop=\"true\">&nbsp;<\/div><\/div>\t\t<\/div>\n\t\t\t\t<\/div>\n\t\t\t\t\t<\/div>\n\t\t<\/div>\n\t\t\t\t\t<\/div>\n\t\t<\/section>\n\t\t\t\t<section class=\"elementor-section elementor-top-section elementor-element elementor-element-f5b8b13 elementor-section-boxed elementor-section-height-default elementor-section-height-default\" data-id=\"f5b8b13\" data-element_type=\"section\">\n\t\t\t\t\t\t<div class=\"elementor-container elementor-column-gap-default\">\n\t\t\t\t\t<div class=\"elementor-column elementor-col-100 elementor-top-column elementor-element elementor-element-3ac20c6\" data-id=\"3ac20c6\" data-element_type=\"column\">\n\t\t\t<div class=\"elementor-widget-wrap elementor-element-populated\">\n\t\t\t\t\t\t<div class=\"elementor-element elementor-element-ee133ea elementor-widget elementor-widget-spacer\" data-id=\"ee133ea\" data-element_type=\"widget\" data-widget_type=\"spacer.default\">\n\t\t\t\t<div class=\"elementor-widget-container\">\n\t\t\t\t\t<div class=\"elementor-spacer\">\n\t\t\t<div class=\"elementor-spacer-inner\"><\/div>\n\t\t<\/div>\n\t\t\t\t<\/div>\n\t\t\t\t<\/div>\n\t\t\t\t\t<\/div>\n\t\t<\/div>\n\t\t\t\t\t<\/div>\n\t\t<\/section>\n\t\t\t\t<\/div>\n\t\t","protected":false},"excerpt":{"rendered":"<p>A.G.I.R.E Srl \u00e8 una Societ\u00e0 consortile a responsabilit\u00e0 limitata la cui denominazione completa \u00e8 Agenzia per la Gestione Intelligente delle Risorse Energetiche.<\/p>\n","protected":false},"author":1,"featured_media":0,"parent":0,"menu_order":6,"comment_status":"closed","ping_status":"closed","template":"elementor_theme","meta":{"footnotes":""},"tags":[],"class_list":["post-45","page","type-page","status-publish","hentry"],"_links":{"self":[{"href":"https:\/\/www.agirenet.it\/it\/wp-json\/wp\/v2\/pages\/45"}],"collection":[{"href":"https:\/\/www.agirenet.it\/it\/wp-json\/wp\/v2\/pages"}],"about":[{"href":"https:\/\/www.agirenet.it\/it\/wp-json\/wp\/v2\/types\/page"}],"author":[{"embeddable":true,"href":"https:\/\/www.agirenet.it\/it\/wp-json\/wp\/v2\/users\/1"}],"replies":[{"embeddable":true,"href":"https:\/\/www.agirenet.it\/it\/wp-json\/wp\/v2\/comments?post=45"}],"version-history":[{"count":0,"href":"https:\/\/www.agirenet.it\/it\/wp-json\/wp\/v2\/pages\/45\/revisions"}],"wp:attachment":[{"href":"https:\/\/www.agirenet.it\/it\/wp-json\/wp\/v2\/media?parent=45"}],"wp:term":[{"taxonomy":"post_tag","embeddable":true,"href":"https:\/\/www.agirenet.it\/it\/wp-json\/wp\/v2\/tags?post=45"}],"curies":[{"name":"wp","href":"https:\/\/api.w.org\/{rel}","templated":true}]}}